{"id":2296,"date":"2025-01-05T10:37:41","date_gmt":"2025-01-05T09:37:41","guid":{"rendered":"https:\/\/aiguillestraildesneiges.fr\/?page_id=2296"},"modified":"2025-01-05T10:46:30","modified_gmt":"2025-01-05T09:46:30","slug":"inscriptions","status":"publish","type":"page","link":"https:\/\/aiguillestraildesneiges.fr\/?page_id=2296","title":{"rendered":"Inscriptions"},"content":{"rendered":"\n\n\n<header class=\"entry-header\">\n<h3 class=\"entry-title\" style=\"text-align: center;\"><span style=\"font-size: revert; color: initial;\">Comment s\u2019inscrire :<\/span><\/h3>\n<\/header>\n<div class=\"entry-content\">\n<p><strong>\u2013 Sur Internet<\/strong>&nbsp;: Les Inscriptions sur internet sont ouvertes via la plateforme de payement s\u00e9curis\u00e9e&nbsp;<\/p>\n<p>&nbsp;&nbsp;Lien d\u2019inscription :&nbsp;<a href=\"https:\/\/in.njuko.com\/aiguilles-trail-des-neiges-20251729521632922?currentPage=select-competition\">**ICI**<\/a><\/p>\n<p><strong>\u2013 Sur place<\/strong>&nbsp;: Si le quota de 200 coureurs n\u2019est pas atteint, les inscriptions pourront se faire sur place&nbsp;!<\/p>\n<p>Attention les inscriptions sont limit\u00e9es \u00e0 200 coureurs ! Pensez \u00e0 vous inscrire au plus vite !<\/p>\n<figure class=\"wp-block-image size-large\"><img loading=\"lazy\" decoding=\"async\" class=\"wp-image-2178\" src=\"https:\/\/aiguillestraildesneiges.fr\/wp-content\/uploads\/2024\/11\/tarifs-1024x472.jpg\" sizes=\"auto, (max-width: 1024px) 100vw, 1024px\" srcset=\"https:\/\/aiguillestraildesneiges.fr\/wp-content\/uploads\/2024\/11\/tarifs-1024x472.jpg 1024w, https:\/\/aiguillestraildesneiges.fr\/wp-content\/uploads\/2024\/11\/tarifs-300x138.jpg 300w, https:\/\/aiguillestraildesneiges.fr\/wp-content\/uploads\/2024\/11\/tarifs-768x354.jpg 768w, https:\/\/aiguillestraildesneiges.fr\/wp-content\/uploads\/2024\/11\/tarifs-520x240.jpg 520w, https:\/\/aiguillestraildesneiges.fr\/wp-content\/uploads\/2024\/11\/tarifs-740x341.jpg 740w, https:\/\/aiguillestraildesneiges.fr\/wp-content\/uploads\/2024\/11\/tarifs.jpg 1153w\" alt=\"\" width=\"1024\" height=\"472\"><\/figure>\n<p><a href=\"https:\/\/in.njuko.com\/aiguilles-trail-des-neiges-20251729521632922?currentPage=select-competition\" target=\"_blank\" rel=\"noopener\">&nbsp;&nbsp;<img loading=\"lazy\" decoding=\"async\" class=\"aligncenter\" src=\"https:\/\/aiguillestraildesneiges.fr\/wp-content\/uploads\/2024\/11\/outdoorlablogo.jpg\" alt=\"\" width=\"286\" height=\"79\"><\/a><\/p>\n<p>&nbsp;<\/p>\n<p>N\u2019oubliez pas qu\u2019il est possible de s\u2019inscrire en \u00e9quipe et, que les frais d\u2019inscriptions seront en fonction du nombre d\u2019\u00e9quipiers !!! Le trail c\u2019est le partage. Appelez vos amis traileurs ou pas !<\/p>\n<p>Pour cela il vous suffit d\u2019envoyer un mail \u00e0 : <a href=\"https:\/\/aiguillestraildesneiges.fr\/?page_id=214\" rel=\"noopener\">CONTACT<\/a>&nbsp;, nous en parlerons.<\/p>\n<\/div>\n<footer class=\"entry-footer\"><span class=\"edit-link\"><a class=\"post-edit-link\" href=\"https:\/\/aiguillestraildesneiges.fr\/wp-admin\/post.php?post=217&amp;action=edit\">Modifier<\/a><\/span><\/footer>\n\n\n","protected":false},"excerpt":{"rendered":"<p>Comment s\u2019inscrire : \u2013 Sur Internet&nbsp;: Les Inscriptions sur internet sont ouvertes via la plateforme de payement s\u00e9curis\u00e9e&nbsp; &nbsp;&nbsp;Lien d\u2019inscription :&nbsp;**ICI** \u2013 Sur place&nbsp;: Si le quota de 200 coureurs<a class=\"read-more\" href=\"https:\/\/aiguillestraildesneiges.fr\/?page_id=2296\">Lire la Suite <\/a><\/p>\n","protected":false},"author":3,"featured_media":0,"parent":0,"menu_order":0,"comment_status":"closed","ping_status":"closed","template":"","meta":{"footnotes":""},"class_list":["post-2296","page","type-page","status-publish","hentry"],"_links":{"self":[{"href":"https:\/\/aiguillestraildesneiges.fr\/index.php?rest_route=\/wp\/v2\/pages\/2296","targetHints":{"allow":["GET"]}}],"collection":[{"href":"https:\/\/aiguillestraildesneiges.fr\/index.php?rest_route=\/wp\/v2\/pages"}],"about":[{"href":"https:\/\/aiguillestraildesneiges.fr\/index.php?rest_route=\/wp\/v2\/types\/page"}],"author":[{"embeddable":true,"href":"https:\/\/aiguillestraildesneiges.fr\/index.php?rest_route=\/wp\/v2\/users\/3"}],"replies":[{"embeddable":true,"href":"https:\/\/aiguillestraildesneiges.fr\/index.php?rest_route=%2Fwp%2Fv2%2Fcomments&post=2296"}],"version-history":[{"count":4,"href":"https:\/\/aiguillestraildesneiges.fr\/index.php?rest_route=\/wp\/v2\/pages\/2296\/revisions"}],"predecessor-version":[{"id":2305,"href":"https:\/\/aiguillestraildesneiges.fr\/index.php?rest_route=\/wp\/v2\/pages\/2296\/revisions\/2305"}],"wp:attachment":[{"href":"https:\/\/aiguillestraildesneiges.fr\/index.php?rest_route=%2Fwp%2Fv2%2Fmedia&parent=2296"}],"curies":[{"name":"wp","href":"https:\/\/api.w.org\/{rel}","templated":true}]}}