{"id":217,"date":"2019-01-01T19:29:25","date_gmt":"2019-01-01T18:29:25","guid":{"rendered":"https:\/\/aiguillestraildesneiges.fr\/?page_id=217"},"modified":"2025-01-05T10:47:02","modified_gmt":"2025-01-05T09:47:02","slug":"inscriptioncoureur","status":"publish","type":"page","link":"https:\/\/aiguillestraildesneiges.fr\/?page_id=217","title":{"rendered":"Inscription Coureurs"},"content":{"rendered":"\n<h3 style=\"text-align: center;\">Comment s\u2019inscrire :<\/h3>\n<p><strong>&#8211; Sur Internet<\/strong>&nbsp;: Les Inscriptions sur internet sont ouvertes via la plateforme de payement s\u00e9curis\u00e9e&nbsp;<\/p>\n<p>&nbsp;&nbsp;Lien d\u2019inscription :&nbsp;<a href=\"https:\/\/in.njuko.com\/aiguilles-trail-des-neiges-20251729521632922?currentPage=select-competition\">**ICI**<\/a><\/p>\n<p><strong>&#8211; Sur place<\/strong>&nbsp;: Si le quota de 200 coureurs n\u2019est pas atteint, les inscriptions pourront se faire sur place&nbsp;!<\/p>\n<p>Attention les inscriptions sont limit\u00e9es \u00e0 200 coureurs ! Pensez \u00e0 vous inscrire au plus vite !<\/p>\n\n\n\n<figure class=\"wp-block-image size-large\"><img loading=\"lazy\" decoding=\"async\" width=\"1024\" height=\"472\" src=\"https:\/\/aiguillestraildesneiges.fr\/wp-content\/uploads\/2024\/11\/tarifs-1024x472.jpg\" alt=\"\" class=\"wp-image-2178\" srcset=\"https:\/\/aiguillestraildesneiges.fr\/wp-content\/uploads\/2024\/11\/tarifs-1024x472.jpg 1024w, https:\/\/aiguillestraildesneiges.fr\/wp-content\/uploads\/2024\/11\/tarifs-300x138.jpg 300w, https:\/\/aiguillestraildesneiges.fr\/wp-content\/uploads\/2024\/11\/tarifs-768x354.jpg 768w, https:\/\/aiguillestraildesneiges.fr\/wp-content\/uploads\/2024\/11\/tarifs-520x240.jpg 520w, https:\/\/aiguillestraildesneiges.fr\/wp-content\/uploads\/2024\/11\/tarifs-740x341.jpg 740w, https:\/\/aiguillestraildesneiges.fr\/wp-content\/uploads\/2024\/11\/tarifs.jpg 1153w\" sizes=\"auto, (max-width: 1024px) 100vw, 1024px\" \/><\/figure>\n\n\n\n<p><a href=\"https:\/\/in.njuko.com\/aiguilles-trail-des-neiges-20251729521632922?currentPage=select-competition\" target=\"_blank\" rel=\"noopener\">&nbsp; <img loading=\"lazy\" decoding=\"async\" class=\"aligncenter\" style=\"border-width: 1px; border-style: dotted;\" src=\"https:\/\/aiguillestraildesneiges.fr\/wp-content\/uploads\/2024\/11\/outdoorlablogo.jpg\" alt=\"\" width=\"286\" height=\"79\"><\/a><\/p>\n\n\n\n\n\n<p>&nbsp;<\/p>\n<p>N\u2019oubliez pas qu\u2019il est possible de s\u2019inscrire en \u00e9quipe et, que les frais d&rsquo;inscriptions seront en fonction du nombre d&rsquo;\u00e9quipiers !!! Le trail c\u2019est le partage. Appelez vos amis traileurs ou pas !<\/p>\n<p>Pour cela il vous suffit d\u2019envoyer un mail <a href=\"https:\/\/aiguillestraildesneiges.fr\/?page_id=214\" rel=\"noopener\">CONTACT<\/a>, nous en parlerons.<\/p>\n\n\n\n\n","protected":false},"excerpt":{"rendered":"<p>Comment s\u2019inscrire : &#8211; Sur Internet&nbsp;: Les Inscriptions sur internet sont ouvertes via la plateforme de payement s\u00e9curis\u00e9e&nbsp; &nbsp;&nbsp;Lien d\u2019inscription :&nbsp;**ICI** &#8211; Sur place&nbsp;: Si le quota de 200 coureurs<a class=\"read-more\" href=\"https:\/\/aiguillestraildesneiges.fr\/?page_id=217\">Lire la Suite <\/a><\/p>\n","protected":false},"author":2,"featured_media":0,"parent":0,"menu_order":0,"comment_status":"closed","ping_status":"closed","template":"","meta":{"footnotes":""},"class_list":["post-217","page","type-page","status-publish","hentry"],"_links":{"self":[{"href":"https:\/\/aiguillestraildesneiges.fr\/index.php?rest_route=\/wp\/v2\/pages\/217","targetHints":{"allow":["GET"]}}],"collection":[{"href":"https:\/\/aiguillestraildesneiges.fr\/index.php?rest_route=\/wp\/v2\/pages"}],"about":[{"href":"https:\/\/aiguillestraildesneiges.fr\/index.php?rest_route=\/wp\/v2\/types\/page"}],"author":[{"embeddable":true,"href":"https:\/\/aiguillestraildesneiges.fr\/index.php?rest_route=\/wp\/v2\/users\/2"}],"replies":[{"embeddable":true,"href":"https:\/\/aiguillestraildesneiges.fr\/index.php?rest_route=%2Fwp%2Fv2%2Fcomments&post=217"}],"version-history":[{"count":15,"href":"https:\/\/aiguillestraildesneiges.fr\/index.php?rest_route=\/wp\/v2\/pages\/217\/revisions"}],"predecessor-version":[{"id":2306,"href":"https:\/\/aiguillestraildesneiges.fr\/index.php?rest_route=\/wp\/v2\/pages\/217\/revisions\/2306"}],"wp:attachment":[{"href":"https:\/\/aiguillestraildesneiges.fr\/index.php?rest_route=%2Fwp%2Fv2%2Fmedia&parent=217"}],"curies":[{"name":"wp","href":"https:\/\/api.w.org\/{rel}","templated":true}]}}