{"id":178,"date":"2019-01-01T16:16:48","date_gmt":"2019-01-01T15:16:48","guid":{"rendered":"https:\/\/aiguillestraildesneiges.fr\/?page_id=178"},"modified":"2023-12-07T08:09:57","modified_gmt":"2023-12-07T07:09:57","slug":"partenaires","status":"publish","type":"page","link":"https:\/\/aiguillestraildesneiges.fr\/?page_id=178","title":{"rendered":"Partenaires"},"content":{"rendered":"\n<p class=\"has-text-align-center\"><strong>L&rsquo;Aiguilles Trail des Neiges remercie l&rsquo;int\u00e9gralit\u00e9 <\/strong><\/p>\n\n\n\n<p class=\"has-text-align-center\"><strong>de ses<\/strong> <strong>partenaires! <\/strong> <\/p>\n\n\n\n<p class=\"has-text-align-center\">.<\/p>\n\n\n<div class=\"wp-block-image\">\n<figure class=\"alignright is-resized\"><img loading=\"lazy\" decoding=\"async\" width=\"1024\" height=\"298\" src=\"https:\/\/aiguillestraildesneiges.fr\/wp-content\/uploads\/2019\/03\/logo-decathlon-gap-1024x298.jpg\" alt=\"\" class=\"wp-image-1003\" style=\"width:398px;height:116px\" srcset=\"https:\/\/aiguillestraildesneiges.fr\/wp-content\/uploads\/2019\/03\/logo-decathlon-gap.jpg 1024w, https:\/\/aiguillestraildesneiges.fr\/wp-content\/uploads\/2019\/03\/logo-decathlon-gap-300x87.jpg 300w, https:\/\/aiguillestraildesneiges.fr\/wp-content\/uploads\/2019\/03\/logo-decathlon-gap-768x224.jpg 768w, https:\/\/aiguillestraildesneiges.fr\/wp-content\/uploads\/2019\/03\/logo-decathlon-gap-520x151.jpg 520w, https:\/\/aiguillestraildesneiges.fr\/wp-content\/uploads\/2019\/03\/logo-decathlon-gap-740x215.jpg 740w\" sizes=\"auto, (max-width: 1024px) 100vw, 1024px\" \/><figcaption class=\"wp-element-caption\"> <br><br><\/figcaption><\/figure><\/div>\n\n\n<p class=\"has-text-align-center\"> <br><strong> Notre partenaire sport :  <a href=\"https:\/\/www.decathlon.fr\/fr\/magasin\/magasin-sport-gap-MS_0070013600136.html \">Decathlon Gap<\/a> <\/strong>  <\/p>\n\n\n\n<p>.<\/p>\n\n\n\n<p>.<\/p>\n\n\n\n<p><img loading=\"lazy\" decoding=\"async\" class=\"alignleft\" src=\"https:\/\/aiguillestraildesneiges.fr\/wp-content\/uploads\/2019\/01\/reallon.jpg\" alt=\"\" width=\"346\" height=\"183\"><\/p>\n<p>&nbsp;<\/p>\n<p>&nbsp;<\/p>\n<p style=\"text-align: center;\"><strong>La Station Familial <\/strong><strong>de R\u00e9allon<\/strong><\/p>\n<p style=\"text-align: center;\"><a href=\"http:\/\/www.reallon-ski.com\/\">Station de R\u00e9allon<\/a><\/p>\n\n\n\n<p style=\"text-align: center;\"><strong><img loading=\"lazy\" decoding=\"async\" class=\"alignright\" src=\"https:\/\/aiguillestraildesneiges.fr\/wp-content\/uploads\/2019\/03\/Imma.png\" alt=\"Imm'Agora\" width=\"306\" height=\"182\"><\/strong><\/p>\n<p>&nbsp;<\/p>\n<p>&nbsp;<\/p>\n<p style=\"text-align: center;\"><strong>Notre partenaire h\u00e9bergement<\/strong><\/p>\n<p style=\"text-align: center;\"><a href=\"http:\/\/www.immagora.net\/\" target=\"_blank\" rel=\"noopener noreferrer\">Imm&rsquo;Agora<\/a><\/p>\n<p>&nbsp;<\/p>\n\n\n\n<p><img loading=\"lazy\" decoding=\"async\" class=\"alignleft\" src=\"https:\/\/aiguillestraildesneiges.fr\/wp-content\/uploads\/2019\/03\/Lac-et-montagne.gif\" alt=\"Lac et montagne\" width=\"396\" height=\"170\" \/><\/p>\n<p>\u00a0<\/p>\n<p>\u00a0<\/p>\n<p style=\"text-align: center;\"><strong>Lac et Montagne<\/strong><strong>\u00a0<\/strong><\/p>\n<p style=\"text-align: center;\"><a href=\"http:\/\/www.serre-poncon-reallon-location.com\/\" target=\"_blank\" rel=\"noopener noreferrer\">Lac et Montagne<\/a><\/p>\n<p>\u00a0<\/p>\n<p>\u00a0<\/p>\n\n\n\n<p style=\"text-align: center;\">\u00a0<\/p>\n<p style=\"text-align: center;\">\u00a0<\/p>\n<p>\u00a0<\/p>\n<p>\u00a0<\/p>\n\n\n\n\n\n<p class=\"has-text-align-center\"><\/p>\n\n\n\n<p class=\"has-text-align-center\"><br><\/p>\n","protected":false},"excerpt":{"rendered":"<p>L&rsquo;Aiguilles Trail des Neiges remercie l&rsquo;int\u00e9gralit\u00e9 de ses partenaires! . Notre partenaire sport : Decathlon Gap . . &nbsp; &nbsp; La Station Familial de R\u00e9allon Station de R\u00e9allon &nbsp; &nbsp;<a class=\"read-more\" href=\"https:\/\/aiguillestraildesneiges.fr\/?page_id=178\">Lire la Suite <\/a><\/p>\n","protected":false},"author":2,"featured_media":0,"parent":0,"menu_order":0,"comment_status":"closed","ping_status":"closed","template":"","meta":{"footnotes":""},"class_list":["post-178","page","type-page","status-publish","hentry"],"_links":{"self":[{"href":"https:\/\/aiguillestraildesneiges.fr\/index.php?rest_route=\/wp\/v2\/pages\/178","targetHints":{"allow":["GET"]}}],"collection":[{"href":"https:\/\/aiguillestraildesneiges.fr\/index.php?rest_route=\/wp\/v2\/pages"}],"about":[{"href":"https:\/\/aiguillestraildesneiges.fr\/index.php?rest_route=\/wp\/v2\/types\/page"}],"author":[{"embeddable":true,"href":"https:\/\/aiguillestraildesneiges.fr\/index.php?rest_route=\/wp\/v2\/users\/2"}],"replies":[{"embeddable":true,"href":"https:\/\/aiguillestraildesneiges.fr\/index.php?rest_route=%2Fwp%2Fv2%2Fcomments&post=178"}],"version-history":[{"count":1,"href":"https:\/\/aiguillestraildesneiges.fr\/index.php?rest_route=\/wp\/v2\/pages\/178\/revisions"}],"predecessor-version":[{"id":2121,"href":"https:\/\/aiguillestraildesneiges.fr\/index.php?rest_route=\/wp\/v2\/pages\/178\/revisions\/2121"}],"wp:attachment":[{"href":"https:\/\/aiguillestraildesneiges.fr\/index.php?rest_route=%2Fwp%2Fv2%2Fmedia&parent=178"}],"curies":[{"name":"wp","href":"https:\/\/api.w.org\/{rel}","templated":true}]}}